{"id":213852,"date":"2022-02-17T12:50:14","date_gmt":"2022-02-17T12:50:14","guid":{"rendered":"https:\/\/foodtruckers.dk\/?page_id=213852"},"modified":"2024-02-21T09:49:21","modified_gmt":"2024-02-21T09:49:21","slug":"foodtrucks","status":"publish","type":"page","link":"https:\/\/foodtruckers.dk\/en\/foodtrucks\/","title":{"rendered":"Food trucks"},"content":{"rendered":"<p>[et_pb_section fb_built=&#8221;1&#8243; admin_label=&#8221;Section&#8221; module_class=&#8221;parabg&#8221; _builder_version=&#8221;4.16&#8243; _module_preset=&#8221;default&#8221; background_enable_image=&#8221;off&#8221; custom_margin=&#8221;150px||||false|false&#8221; custom_padding=&#8221;0px||0px||true|false&#8221; da_disable_devices=&#8221;off|off|off&#8221; global_colors_info=&#8221;{}&#8221; da_is_popup=&#8221;off&#8221; da_exit_intent=&#8221;off&#8221; da_has_close=&#8221;on&#8221; da_alt_close=&#8221;off&#8221; da_dark_close=&#8221;off&#8221; da_not_modal=&#8221;on&#8221; da_is_singular=&#8221;off&#8221; da_with_loader=&#8221;off&#8221; da_has_shadow=&#8221;on&#8221;][et_pb_row column_structure=&#8221;1_2,1_2&#8243; use_custom_gutter=&#8221;on&#8221; gutter_width=&#8221;1&#8243; make_equal=&#8221;on&#8221; _builder_version=&#8221;4.22.0&#8243; _module_preset=&#8221;default&#8221; width=&#8221;100%&#8221; max_width=&#8221;100%&#8221; max_width_tablet=&#8221;90%&#8221; max_width_phone=&#8221;90%&#8221; max_width_last_edited=&#8221;on|desktop&#8221; custom_padding=&#8221;0px||0px||true|false&#8221; locked=&#8221;off&#8221; global_colors_info=&#8221;{}&#8221;][et_pb_column type=&#8221;1_2&#8243; _builder_version=&#8221;4.22.0&#8243; _module_preset=&#8221;default&#8221; background_image=&#8221;https:\/\/foodtruckers.dk\/wp-content\/uploads\/2022\/03\/Type-H-2-scaled.jpg&#8221; background_size=&#8221;contain&#8221; global_colors_info=&#8221;{}&#8221;][et_pb_divider show_divider=&#8221;off&#8221; _builder_version=&#8221;4.16&#8243; _module_preset=&#8221;default&#8221; custom_padding_tablet=&#8221;50%||50%||true|false&#8221; custom_padding_phone=&#8221;50%||50%||true|false&#8221; custom_padding_last_edited=&#8221;on|phone&#8221; global_colors_info=&#8221;{}&#8221;][\/et_pb_divider][\/et_pb_column][et_pb_column type=&#8221;1_2&#8243; _builder_version=&#8221;4.16&#8243; _module_preset=&#8221;default&#8221; background_color=&#8221;#FFFFFF&#8221; custom_padding=&#8221;6%||6%||true|false&#8221; custom_padding_tablet=&#8221;&#8221; custom_padding_phone=&#8221;100px|30px|100px|30px|true|true&#8221; custom_padding_last_edited=&#8221;on|phone&#8221; global_colors_info=&#8221;{}&#8221;][et_pb_text _builder_version=&#8221;4.21.0&#8243; _module_preset=&#8221;default&#8221; header_font=&#8221;Work Sans|700|||||||&#8221; header_text_align=&#8221;left&#8221; header_text_color=&#8221;#2C2D36&#8243; header_font_size=&#8221;50px&#8221; header_line_height=&#8221;55px&#8221; width=&#8221;550px&#8221; width_tablet=&#8221;550px&#8221; width_phone=&#8221;100%&#8221; width_last_edited=&#8221;on|phone&#8221; module_alignment=&#8221;center&#8221; custom_margin=&#8221;0px||0px||true|false&#8221; custom_padding=&#8221;0px||0px||true|false&#8221; border_width_bottom=&#8221;1px&#8221; border_color_bottom=&#8221;#2C2D36&#8243; global_colors_info=&#8221;{}&#8221;]<\/p>\n<h1>Foodtrucks<\/h1>\n<p>[\/et_pb_text][et_pb_blurb title=&#8221;Om vores foodtrucks&#8221; content_max_width=&#8221;100%&#8221; _builder_version=&#8221;4.21.0&#8243; _module_preset=&#8221;default&#8221; header_font=&#8221;Work Sans|700|||||||&#8221; header_text_color=&#8221;#2C2D36&#8243; header_font_size=&#8221;24px&#8221; header_line_height=&#8221;24px&#8221; body_font=&#8221;Open Sans||||||||&#8221; body_text_color=&#8221;#2C2D36&#8243; body_font_size=&#8221;17px&#8221; body_line_height=&#8221;27px&#8221; width=&#8221;550px&#8221; width_tablet=&#8221;&#8221; width_phone=&#8221;&#8221; width_last_edited=&#8221;on|desktop&#8221; module_alignment=&#8221;center&#8221; custom_margin=&#8221;0px||0px||false|false&#8221; custom_padding=&#8221;35px||35px||false|false&#8221; border_color_top=&#8221;#2C2D36&#8243; border_width_bottom=&#8221;1px&#8221; border_color_bottom=&#8221;#2C2D36&#8243; global_colors_info=&#8221;{}&#8221;]<\/p>\n<p>H\u00f8j kvalitet og kreative madkoncepter er grundlaget for en god foodtruck, men Foodtruckers bes\u00e6tning mener at helheden skal skabes af et moderne udseende, et funktionelt kulinarisk v\u00e6rksted og en kreativ indretning.<\/p>\n<p>Vores foodtrucks f\u00e5s i forskellige bilmodeller, som Fiat, Citr\u00f6en, MAN og Mercedes, og kassen kan indrettes efter dine behov.\u00a0<\/p>\n<p>Derfor har vi skabt en perfekt blanding, som vil leve op til alle forventninger.\u00a0<\/p>\n<p>Vores foodtrucks er omgivelser, hvor b\u00e5de luksushotellets kok og den mindre lokale restaurants kok vil f\u00f8le sig velkommen.<\/p>\n<p>Vores tilblivelse er at bygge fantastiske madvogne &#8211; Resten klarer DU!<\/p>\n<p>[\/et_pb_blurb][et_pb_button button_url=&#8221;#indhenttilbud&#8221; button_text=&#8221;INDHENT TILBUD&#8221; button_alignment=&#8221;center&#8221; _builder_version=&#8221;4.16&#8243; _module_preset=&#8221;default&#8221; custom_button=&#8221;on&#8221; button_text_size=&#8221;17px&#8221; button_text_color=&#8221;#2C2D36&#8243; button_bg_color=&#8221;RGBA(255,255,255,0)&#8221; button_border_width=&#8221;1px&#8221; button_border_color=&#8221;#2C2D36&#8243; button_border_radius=&#8221;0px&#8221; button_font=&#8221;Open Sans|700|||||||&#8221; button_use_icon=&#8221;off&#8221; transform_scale_last_edited=&#8221;off|desktop&#8221; transform_translate_last_edited=&#8221;off|desktop&#8221; transform_rotate_last_edited=&#8221;off|desktop&#8221; transform_skew_last_edited=&#8221;off|desktop&#8221; transform_origin_last_edited=&#8221;off|desktop&#8221; transform_styles_last_edited=&#8221;off|desktop&#8221; custom_margin=&#8221;35px||0px||false|false&#8221; custom_padding=&#8221;14px|55px|14px|55px|true|true&#8221; custom_css_main_element=&#8221;width:550px;&#8221; locked=&#8221;off&#8221; global_colors_info=&#8221;{}&#8221; transform_styles__hover_enabled=&#8221;off|desktop&#8221; transform_scale__hover_enabled=&#8221;off|desktop&#8221; transform_translate__hover_enabled=&#8221;off|desktop&#8221; transform_rotate__hover_enabled=&#8221;off|desktop&#8221; transform_skew__hover_enabled=&#8221;off|desktop&#8221; transform_origin__hover_enabled=&#8221;off|desktop&#8221; transform_scale__hover=&#8221;105%|105%&#8221; button_bg_color__hover_enabled=&#8221;on|hover&#8221; button_bg_color__hover=&#8221;#2C2D36&#8243; button_bg_enable_color__hover=&#8221;on&#8221; button_text_color__hover_enabled=&#8221;on|desktop&#8221; button_text_color__hover=&#8221;#FFFFFF&#8221; button_border_color__hover_enabled=&#8221;off|desktop&#8221; button_border_color__hover=&#8221;#FFFFFF&#8221; custom_css_main_element_last_edited=&#8221;on|tablet&#8221; custom_css_main_element_phone=&#8221;width:100%&#8221; custom_css_main_element_tablet=&#8221;width:100%&#8221;][\/et_pb_button][et_pb_button button_url=&#8221;@ET-DC@eyJkeW5hbWljIjp0cnVlLCJjb250ZW50IjoicG9zdF9saW5rX3VybF9wYWdlIiwic2V0dGluZ3MiOnsicG9zdF9pZCI6IjIxMzkzMyJ9fQ==@&#8221; button_text=&#8221;GALLERI&#8221; button_alignment=&#8221;center&#8221; _builder_version=&#8221;4.16&#8243; _dynamic_attributes=&#8221;button_url&#8221; _module_preset=&#8221;default&#8221; custom_button=&#8221;on&#8221; button_text_size=&#8221;17px&#8221; button_text_color=&#8221;#2C2D36&#8243; button_bg_color=&#8221;RGBA(255,255,255,0)&#8221; button_border_width=&#8221;1px&#8221; button_border_color=&#8221;#2C2D36&#8243; button_border_radius=&#8221;0px&#8221; button_font=&#8221;Open Sans|700|||||||&#8221; button_use_icon=&#8221;off&#8221; transform_scale_last_edited=&#8221;off|desktop&#8221; transform_translate_last_edited=&#8221;off|desktop&#8221; transform_rotate_last_edited=&#8221;off|desktop&#8221; transform_skew_last_edited=&#8221;off|desktop&#8221; transform_origin_last_edited=&#8221;off|desktop&#8221; transform_styles_last_edited=&#8221;off|desktop&#8221; custom_margin=&#8221;35px||0px||false|false&#8221; custom_padding=&#8221;14px|55px|14px|55px|true|true&#8221; custom_css_main_element=&#8221;width:550px;&#8221; locked=&#8221;off&#8221; global_colors_info=&#8221;{}&#8221; transform_styles__hover_enabled=&#8221;off|desktop&#8221; transform_scale__hover_enabled=&#8221;off|desktop&#8221; transform_translate__hover_enabled=&#8221;off|desktop&#8221; transform_rotate__hover_enabled=&#8221;off|desktop&#8221; transform_skew__hover_enabled=&#8221;off|desktop&#8221; transform_origin__hover_enabled=&#8221;off|desktop&#8221; transform_scale__hover=&#8221;105%|105%&#8221; button_bg_color__hover_enabled=&#8221;on|hover&#8221; button_bg_color__hover=&#8221;#2C2D36&#8243; button_bg_enable_color__hover=&#8221;on&#8221; button_text_color__hover_enabled=&#8221;on|desktop&#8221; button_text_color__hover=&#8221;#FFFFFF&#8221; button_border_color__hover_enabled=&#8221;off|desktop&#8221; button_border_color__hover=&#8221;#FFFFFF&#8221; custom_css_main_element_last_edited=&#8221;on|tablet&#8221; custom_css_main_element_phone=&#8221;width:100%&#8221; custom_css_main_element_tablet=&#8221;width:100%&#8221;][\/et_pb_button][\/et_pb_column][\/et_pb_row][et_pb_row column_structure=&#8221;1_2,1_2&#8243; use_custom_gutter=&#8221;on&#8221; gutter_width=&#8221;1&#8243; make_equal=&#8221;on&#8221; _builder_version=&#8221;4.22.0&#8243; _module_preset=&#8221;default&#8221; width=&#8221;100%&#8221; max_width=&#8221;100%&#8221; max_width_tablet=&#8221;90%&#8221; max_width_phone=&#8221;90%&#8221; max_width_last_edited=&#8221;on|desktop&#8221; custom_padding=&#8221;0px||0px||true|false&#8221; locked=&#8221;off&#8221; global_colors_info=&#8221;{}&#8221;][et_pb_column type=&#8221;1_2&#8243; _builder_version=&#8221;4.21.0&#8243; _module_preset=&#8221;default&#8221; background_color=&#8221;#FFFFFF&#8221; custom_padding=&#8221;6%||6%||true|false&#8221; custom_padding_tablet=&#8221;&#8221; custom_padding_phone=&#8221;100px|30px|100px|30px|true|true&#8221; custom_padding_last_edited=&#8221;on|phone&#8221; global_colors_info=&#8221;{}&#8221;][et_pb_text _builder_version=&#8221;4.21.0&#8243; _module_preset=&#8221;default&#8221; header_font=&#8221;Work Sans|700|||||||&#8221; header_text_align=&#8221;left&#8221; header_text_color=&#8221;#2C2D36&#8243; header_font_size=&#8221;50px&#8221; header_line_height=&#8221;55px&#8221; width=&#8221;550px&#8221; width_tablet=&#8221;550px&#8221; width_phone=&#8221;100%&#8221; width_last_edited=&#8221;on|phone&#8221; module_alignment=&#8221;center&#8221; custom_margin=&#8221;0px||0px||true|false&#8221; custom_padding=&#8221;0px||0px||true|false&#8221; border_width_bottom=&#8221;1px&#8221; border_color_bottom=&#8221;#2C2D36&#8243; global_colors_info=&#8221;{}&#8221;][\/et_pb_text][et_pb_blurb title=&#8221;Specifikationer&#8221; content_max_width=&#8221;100%&#8221; _builder_version=&#8221;4.22.0&#8243; _module_preset=&#8221;default&#8221; header_font=&#8221;Work Sans|700|||||||&#8221; header_text_color=&#8221;#2C2D36&#8243; header_font_size=&#8221;24px&#8221; header_line_height=&#8221;24px&#8221; body_font=&#8221;Open Sans||||||||&#8221; body_text_color=&#8221;#2C2D36&#8243; body_font_size=&#8221;17px&#8221; body_line_height=&#8221;27px&#8221; width=&#8221;550px&#8221; width_tablet=&#8221;&#8221; width_phone=&#8221;&#8221; width_last_edited=&#8221;on|desktop&#8221; module_alignment=&#8221;center&#8221; custom_margin=&#8221;0px||0px||false|false&#8221; custom_padding=&#8221;35px||35px||false|false&#8221; border_color_top=&#8221;#2C2D36&#8243; border_width_bottom=&#8221;1px&#8221; border_color_bottom=&#8221;#2C2D36&#8243; global_colors_info=&#8221;{}&#8221;]<\/p>\n<p>&nbsp;<\/p>\n<p>&#8211; Gasinstallation<br \/>&#8211; Vandtanke<br \/>&#8211; Vamt vand<br \/>&#8211; 2 Vaske<br \/>&#8211; 2 Stegeplader p\u00e5 gas<br \/>&#8211; 4 Gasblus<br \/>&#8211; 8L gas friture<br \/>&#8211; Display k\u00f8l<br \/>&#8211; Underbordsk\u00f8l m\/ 3 l\u00e5ger til gastrobakker<br \/>&#8211; 2 Emh\u00e6tter<br \/>&#8211; Rustfri bordplader<\/p>\n<p><strong>* Udstyret kan udskiftes efter dine behov<\/strong><\/p>\n<p><strong>**Mod merpris, kan vores foodtrucks leveres i alle farver<\/strong><\/p>\n<p>[\/et_pb_blurb][et_pb_button button_url=&#8221;#indhenttilbud&#8221; button_text=&#8221;INDHENT TILBUD&#8221; button_alignment=&#8221;center&#8221; _builder_version=&#8221;4.16&#8243; _module_preset=&#8221;default&#8221; custom_button=&#8221;on&#8221; button_text_size=&#8221;17px&#8221; button_text_color=&#8221;#2C2D36&#8243; button_bg_color=&#8221;RGBA(255,255,255,0)&#8221; button_border_width=&#8221;1px&#8221; button_border_color=&#8221;#2C2D36&#8243; button_border_radius=&#8221;0px&#8221; button_font=&#8221;Open Sans|700|||||||&#8221; button_use_icon=&#8221;off&#8221; transform_scale_last_edited=&#8221;off|desktop&#8221; transform_translate_last_edited=&#8221;off|desktop&#8221; transform_rotate_last_edited=&#8221;off|desktop&#8221; transform_skew_last_edited=&#8221;off|desktop&#8221; transform_origin_last_edited=&#8221;off|desktop&#8221; transform_styles_last_edited=&#8221;off|desktop&#8221; custom_margin=&#8221;35px||0px||false|false&#8221; custom_padding=&#8221;14px|55px|14px|55px|true|true&#8221; custom_css_main_element=&#8221;width:550px;&#8221; locked=&#8221;off&#8221; global_colors_info=&#8221;{}&#8221; transform_styles__hover_enabled=&#8221;off|desktop&#8221; transform_scale__hover_enabled=&#8221;off|desktop&#8221; transform_translate__hover_enabled=&#8221;off|desktop&#8221; transform_rotate__hover_enabled=&#8221;off|desktop&#8221; transform_skew__hover_enabled=&#8221;off|desktop&#8221; transform_origin__hover_enabled=&#8221;off|desktop&#8221; transform_scale__hover=&#8221;105%|105%&#8221; button_bg_color__hover_enabled=&#8221;on|hover&#8221; button_bg_color__hover=&#8221;#2C2D36&#8243; button_bg_enable_color__hover=&#8221;on&#8221; button_text_color__hover_enabled=&#8221;on|desktop&#8221; button_text_color__hover=&#8221;#FFFFFF&#8221; button_border_color__hover_enabled=&#8221;off|desktop&#8221; button_border_color__hover=&#8221;#FFFFFF&#8221; custom_css_main_element_last_edited=&#8221;on|tablet&#8221; custom_css_main_element_phone=&#8221;width:100%&#8221; custom_css_main_element_tablet=&#8221;width:100%&#8221;][\/et_pb_button][et_pb_button button_url=&#8221;@ET-DC@eyJkeW5hbWljIjp0cnVlLCJjb250ZW50IjoicG9zdF9saW5rX3VybF9wYWdlIiwic2V0dGluZ3MiOnsicG9zdF9pZCI6IjIxMzkzMyJ9fQ==@&#8221; button_text=&#8221;GALLERI&#8221; button_alignment=&#8221;center&#8221; _builder_version=&#8221;4.16&#8243; _dynamic_attributes=&#8221;button_url&#8221; _module_preset=&#8221;default&#8221; custom_button=&#8221;on&#8221; button_text_size=&#8221;17px&#8221; button_text_color=&#8221;#2C2D36&#8243; button_bg_color=&#8221;RGBA(255,255,255,0)&#8221; button_border_width=&#8221;1px&#8221; button_border_color=&#8221;#2C2D36&#8243; button_border_radius=&#8221;0px&#8221; button_font=&#8221;Open Sans|700|||||||&#8221; button_use_icon=&#8221;off&#8221; transform_scale_last_edited=&#8221;off|desktop&#8221; transform_translate_last_edited=&#8221;off|desktop&#8221; transform_rotate_last_edited=&#8221;off|desktop&#8221; transform_skew_last_edited=&#8221;off|desktop&#8221; transform_origin_last_edited=&#8221;off|desktop&#8221; transform_styles_last_edited=&#8221;off|desktop&#8221; custom_margin=&#8221;35px||0px||false|false&#8221; custom_padding=&#8221;14px|55px|14px|55px|true|true&#8221; custom_css_main_element=&#8221;width:550px;&#8221; locked=&#8221;off&#8221; global_colors_info=&#8221;{}&#8221; transform_styles__hover_enabled=&#8221;off|desktop&#8221; transform_scale__hover_enabled=&#8221;off|desktop&#8221; transform_translate__hover_enabled=&#8221;off|desktop&#8221; transform_rotate__hover_enabled=&#8221;off|desktop&#8221; transform_skew__hover_enabled=&#8221;off|desktop&#8221; transform_origin__hover_enabled=&#8221;off|desktop&#8221; transform_scale__hover=&#8221;105%|105%&#8221; button_bg_color__hover_enabled=&#8221;on|hover&#8221; button_bg_color__hover=&#8221;#2C2D36&#8243; button_bg_enable_color__hover=&#8221;on&#8221; button_text_color__hover_enabled=&#8221;on|desktop&#8221; button_text_color__hover=&#8221;#FFFFFF&#8221; button_border_color__hover_enabled=&#8221;off|desktop&#8221; button_border_color__hover=&#8221;#FFFFFF&#8221; custom_css_main_element_last_edited=&#8221;on|tablet&#8221; custom_css_main_element_phone=&#8221;width:100%&#8221; custom_css_main_element_tablet=&#8221;width:100%&#8221;][\/et_pb_button][\/et_pb_column][et_pb_column type=&#8221;1_2&#8243; _builder_version=&#8221;4.22.0&#8243; _module_preset=&#8221;default&#8221; background_image=&#8221;https:\/\/foodtruckers.dk\/wp-content\/uploads\/2023\/08\/WhatsApp_Billede-2023-08-14-kl.-10.13.39-2.jpg&#8221; background_size=&#8221;contain&#8221; global_colors_info=&#8221;{}&#8221;][et_pb_divider show_divider=&#8221;off&#8221; _builder_version=&#8221;4.16&#8243; _module_preset=&#8221;default&#8221; custom_padding_tablet=&#8221;50%||50%||true|false&#8221; custom_padding_phone=&#8221;50%||50%||true|false&#8221; custom_padding_last_edited=&#8221;on|phone&#8221; global_colors_info=&#8221;{}&#8221;][\/et_pb_divider][\/et_pb_column][\/et_pb_row][et_pb_row column_structure=&#8221;1_2,1_2&#8243; use_custom_gutter=&#8221;on&#8221; gutter_width=&#8221;1&#8243; make_equal=&#8221;on&#8221; _builder_version=&#8221;4.22.0&#8243; _module_preset=&#8221;default&#8221; width=&#8221;100%&#8221; max_width=&#8221;100%&#8221; max_width_tablet=&#8221;90%&#8221; max_width_phone=&#8221;90%&#8221; max_width_last_edited=&#8221;on|desktop&#8221; custom_padding=&#8221;0px||0px||true|false&#8221; global_colors_info=&#8221;{}&#8221;][et_pb_column type=&#8221;1_2&#8243; _builder_version=&#8221;4.22.0&#8243; _module_preset=&#8221;default&#8221; background_image=&#8221;https:\/\/foodtruckers.dk\/wp-content\/uploads\/2023\/08\/WhatsApp_Billede-2023-08-14-kl.-10.13.40.jpg&#8221; background_size=&#8221;contain&#8221; global_colors_info=&#8221;{}&#8221;][et_pb_divider show_divider=&#8221;off&#8221; _builder_version=&#8221;4.16&#8243; _module_preset=&#8221;default&#8221; custom_padding_tablet=&#8221;50%||50%||true|false&#8221; custom_padding_phone=&#8221;50%||50%||true|false&#8221; custom_padding_last_edited=&#8221;on|phone&#8221; global_colors_info=&#8221;{}&#8221;][\/et_pb_divider][\/et_pb_column][et_pb_column type=&#8221;1_2&#8243; _builder_version=&#8221;4.16&#8243; _module_preset=&#8221;default&#8221; background_color=&#8221;#FFFFFF&#8221; custom_padding=&#8221;6%||6%||true|false&#8221; custom_padding_tablet=&#8221;&#8221; custom_padding_phone=&#8221;100px|30px|100px|30px|true|true&#8221; custom_padding_last_edited=&#8221;on|phone&#8221; global_colors_info=&#8221;{}&#8221;][et_pb_text _builder_version=&#8221;4.21.0&#8243; _module_preset=&#8221;default&#8221; header_font=&#8221;Work Sans|700|||||||&#8221; header_text_align=&#8221;left&#8221; header_text_color=&#8221;#2C2D36&#8243; header_font_size=&#8221;50px&#8221; header_line_height=&#8221;55px&#8221; width=&#8221;550px&#8221; width_tablet=&#8221;550px&#8221; width_phone=&#8221;100%&#8221; width_last_edited=&#8221;on|phone&#8221; module_alignment=&#8221;center&#8221; custom_margin=&#8221;0px||0px||true|false&#8221; custom_padding=&#8221;0px||0px||true|false&#8221; border_width_bottom=&#8221;1px&#8221; border_color_bottom=&#8221;#2C2D36&#8243; global_colors_info=&#8221;{}&#8221;][\/et_pb_text][et_pb_blurb title=&#8221;Dimensioner&#8221; content_max_width=&#8221;100%&#8221; _builder_version=&#8221;4.21.0&#8243; _module_preset=&#8221;default&#8221; header_font=&#8221;Work Sans|700|||||||&#8221; header_text_color=&#8221;#2C2D36&#8243; header_font_size=&#8221;24px&#8221; header_line_height=&#8221;24px&#8221; body_font=&#8221;Open Sans||||||||&#8221; body_text_color=&#8221;#2C2D36&#8243; body_font_size=&#8221;17px&#8221; body_line_height=&#8221;27px&#8221; width=&#8221;550px&#8221; width_tablet=&#8221;&#8221; width_phone=&#8221;&#8221; width_last_edited=&#8221;on|desktop&#8221; module_alignment=&#8221;center&#8221; custom_margin=&#8221;0px||0px||false|false&#8221; custom_padding=&#8221;35px||35px||false|false&#8221; border_color_top=&#8221;#2C2D36&#8243; border_width_bottom=&#8221;1px&#8221; border_color_bottom=&#8221;#2C2D36&#8243; global_colors_info=&#8221;{}&#8221;]<\/p>\n<p>Totall\u00e6ngde: 6300mm (indvendig 3800mm)<br \/>F\u00f8rerhus bredde: 2150mm (uden kassen)<br \/>Indvendig bredde: 2200mm<br \/>Ydre bredde: 2290mm<br \/>Indvendig bredde: 3580mm (h\u00f8jre salgsklap \u00e5ben)<br \/>Totalh\u00f8jde: 3150mm (m\u00e5lt fra jorden)<\/p>\n<p>[\/et_pb_blurb][et_pb_button button_url=&#8221;#indhenttilbud&#8221; button_text=&#8221;INDHENT TILBUD&#8221; button_alignment=&#8221;center&#8221; _builder_version=&#8221;4.16&#8243; _module_preset=&#8221;default&#8221; custom_button=&#8221;on&#8221; button_text_size=&#8221;17px&#8221; button_text_color=&#8221;#2C2D36&#8243; button_bg_color=&#8221;RGBA(255,255,255,0)&#8221; button_border_width=&#8221;1px&#8221; button_border_color=&#8221;#2C2D36&#8243; button_border_radius=&#8221;0px&#8221; button_font=&#8221;Open Sans|700|||||||&#8221; button_use_icon=&#8221;off&#8221; transform_scale_last_edited=&#8221;off|desktop&#8221; transform_translate_last_edited=&#8221;off|desktop&#8221; transform_rotate_last_edited=&#8221;off|desktop&#8221; transform_skew_last_edited=&#8221;off|desktop&#8221; transform_origin_last_edited=&#8221;off|desktop&#8221; transform_styles_last_edited=&#8221;off|desktop&#8221; custom_margin=&#8221;35px||0px||false|false&#8221; custom_padding=&#8221;14px|55px|14px|55px|true|true&#8221; custom_css_main_element=&#8221;width:550px;&#8221; locked=&#8221;off&#8221; global_colors_info=&#8221;{}&#8221; transform_styles__hover_enabled=&#8221;off|desktop&#8221; transform_scale__hover_enabled=&#8221;off|desktop&#8221; transform_translate__hover_enabled=&#8221;off|desktop&#8221; transform_rotate__hover_enabled=&#8221;off|desktop&#8221; transform_skew__hover_enabled=&#8221;off|desktop&#8221; transform_origin__hover_enabled=&#8221;off|desktop&#8221; transform_scale__hover=&#8221;105%|105%&#8221; button_bg_color__hover_enabled=&#8221;on|hover&#8221; button_bg_color__hover=&#8221;#2C2D36&#8243; button_bg_enable_color__hover=&#8221;on&#8221; button_text_color__hover_enabled=&#8221;on|desktop&#8221; button_text_color__hover=&#8221;#FFFFFF&#8221; button_border_color__hover_enabled=&#8221;off|desktop&#8221; button_border_color__hover=&#8221;#FFFFFF&#8221; custom_css_main_element_last_edited=&#8221;on|tablet&#8221; custom_css_main_element_phone=&#8221;width:100%&#8221; custom_css_main_element_tablet=&#8221;width:100%&#8221;][\/et_pb_button][et_pb_button button_url=&#8221;@ET-DC@eyJkeW5hbWljIjp0cnVlLCJjb250ZW50IjoicG9zdF9saW5rX3VybF9wYWdlIiwic2V0dGluZ3MiOnsicG9zdF9pZCI6IjIxMzkzMyJ9fQ==@&#8221; button_text=&#8221;GALLERI&#8221; button_alignment=&#8221;center&#8221; _builder_version=&#8221;4.16&#8243; _dynamic_attributes=&#8221;button_url&#8221; _module_preset=&#8221;default&#8221; custom_button=&#8221;on&#8221; button_text_size=&#8221;17px&#8221; button_text_color=&#8221;#2C2D36&#8243; button_bg_color=&#8221;RGBA(255,255,255,0)&#8221; button_border_width=&#8221;1px&#8221; button_border_color=&#8221;#2C2D36&#8243; button_border_radius=&#8221;0px&#8221; button_font=&#8221;Open Sans|700|||||||&#8221; button_use_icon=&#8221;off&#8221; transform_scale_last_edited=&#8221;off|desktop&#8221; transform_translate_last_edited=&#8221;off|desktop&#8221; transform_rotate_last_edited=&#8221;off|desktop&#8221; transform_skew_last_edited=&#8221;off|desktop&#8221; transform_origin_last_edited=&#8221;off|desktop&#8221; transform_styles_last_edited=&#8221;off|desktop&#8221; custom_margin=&#8221;35px||0px||false|false&#8221; custom_padding=&#8221;14px|55px|14px|55px|true|true&#8221; custom_css_main_element=&#8221;width:550px;&#8221; locked=&#8221;off&#8221; global_colors_info=&#8221;{}&#8221; transform_styles__hover_enabled=&#8221;off|desktop&#8221; transform_scale__hover_enabled=&#8221;off|desktop&#8221; transform_translate__hover_enabled=&#8221;off|desktop&#8221; transform_rotate__hover_enabled=&#8221;off|desktop&#8221; transform_skew__hover_enabled=&#8221;off|desktop&#8221; transform_origin__hover_enabled=&#8221;off|desktop&#8221; transform_scale__hover=&#8221;105%|105%&#8221; button_bg_color__hover_enabled=&#8221;on|hover&#8221; button_bg_color__hover=&#8221;#2C2D36&#8243; button_bg_enable_color__hover=&#8221;on&#8221; button_text_color__hover_enabled=&#8221;on|desktop&#8221; button_text_color__hover=&#8221;#FFFFFF&#8221; button_border_color__hover_enabled=&#8221;off|desktop&#8221; button_border_color__hover=&#8221;#FFFFFF&#8221; custom_css_main_element_last_edited=&#8221;on|tablet&#8221; custom_css_main_element_phone=&#8221;width:100%&#8221; custom_css_main_element_tablet=&#8221;width:100%&#8221;][\/et_pb_button][\/et_pb_column][\/et_pb_row][\/et_pb_section]<\/p>\n","protected":false},"excerpt":{"rendered":"<p>FoodtrucksH\u00f8j kvalitet og kreative madkoncepter er grundlaget for en god foodtruck, men Foodtruckers bes\u00e6tning mener at helheden skal skabes af et moderne udseende, et funktionelt kulinarisk v\u00e6rksted og en kreativ indretning. Vores foodtrucks f\u00e5s i forskellige bilmodeller, som Fiat, Citr\u00f6en, MAN og Mercedes, og kassen kan indrettes efter dine behov.\u00a0 Derfor har vi skabt en [&hellip;]<\/p>\n","protected":false},"author":1,"featured_media":0,"parent":0,"menu_order":0,"comment_status":"closed","ping_status":"closed","template":"","meta":{"_et_pb_use_builder":"on","_et_pb_old_content":"","_et_gb_content_width":"","footnotes":""},"class_list":["post-213852","page","type-page","status-publish","hentry"],"_links":{"self":[{"href":"https:\/\/foodtruckers.dk\/en\/wp-json\/wp\/v2\/pages\/213852","targetHints":{"allow":["GET"]}}],"collection":[{"href":"https:\/\/foodtruckers.dk\/en\/wp-json\/wp\/v2\/pages"}],"about":[{"href":"https:\/\/foodtruckers.dk\/en\/wp-json\/wp\/v2\/types\/page"}],"author":[{"embeddable":true,"href":"https:\/\/foodtruckers.dk\/en\/wp-json\/wp\/v2\/users\/1"}],"replies":[{"embeddable":true,"href":"https:\/\/foodtruckers.dk\/en\/wp-json\/wp\/v2\/comments?post=213852"}],"version-history":[{"count":30,"href":"https:\/\/foodtruckers.dk\/en\/wp-json\/wp\/v2\/pages\/213852\/revisions"}],"predecessor-version":[{"id":215033,"href":"https:\/\/foodtruckers.dk\/en\/wp-json\/wp\/v2\/pages\/213852\/revisions\/215033"}],"wp:attachment":[{"href":"https:\/\/foodtruckers.dk\/en\/wp-json\/wp\/v2\/media?parent=213852"}],"curies":[{"name":"wp","href":"https:\/\/api.w.org\/{rel}","templated":true}]}}